{"id":10378,"date":"2017-06-22T07:37:18","date_gmt":"2017-06-22T05:37:18","guid":{"rendered":"https:\/\/wpml.freimeisterkollektiv.de\/shop\/unkategorisiert\/salbei-128\/"},"modified":"2026-03-16T17:39:15","modified_gmt":"2026-03-16T16:39:15","slug":"salbei-128","status":"publish","type":"product","link":"https:\/\/freimeisterkollektiv.de\/de\/products\/salbei-128\/","title":{"rendered":"SALBEI 128"},"content":{"rendered":"<p>F\u00fcr das Freimeisterkollektiv hat Georg Hiebl eine Kr\u00e4utergeist-Serie entwickelt, die sich vor allem f\u00fcr den erfahrenen Barkeeper als perfektes Werkzeug erweist. Der extrem intensive Geschmack dieser Destillate verleiht Cocktails eine komplexe geschmackliche Dimension, kann aber auch als Zutat einen klassischen Gin &amp; Tonic neu definieren. Auch K\u00f6che und Patissiers verwenden diese Kr\u00e4utergeiste gerne, um ihre Kreationen zu verfeinern.<\/p>\n","protected":false},"excerpt":{"rendered":"<p>F\u00fcr das Freimeisterkollektiv hat Georg Hiebl eine Kr\u00e4utergeist-Serie entwickelt, die sich vor allem f\u00fcr den erfahrenen Barkeeper als perfektes Werkzeug erweist. Der extrem intensive Geschmack dieser Destillate verleiht Cocktails eine komplexe geschmackliche Dimension, kann aber auch als Zutat einen klassischen Gin &amp; Tonic neu definieren. Auch K\u00f6che und Patissiers verwenden diese Kr\u00e4utergeiste gerne, um ihre [&hellip;]<\/p>\n","protected":false},"featured_media":9683,"template":"","meta":{"_acf_changed":false},"product_brand":[],"product_cat":[248],"product_tag":[],"class_list":{"0":"post-10378","1":"product","2":"type-product","3":"status-publish","4":"has-post-thumbnail","6":"region-oesterreich-de","7":"product_cat-wild-herbs-spices-de","9":"first","10":"instock","11":"taxable","12":"shipping-taxable","13":"purchasable","14":"product-type-variable","15":"has-default-attributes"},"bundled_by":[],"bundle_stock_status":"instock","bundle_stock_quantity":null,"bundle_virtual":false,"bundle_layout":"","bundle_add_to_cart_form_location":"","bundle_editable_in_cart":false,"bundle_sold_individually_context":"","bundle_item_grouping":"","bundle_min_size":"","bundle_max_size":"","bundle_price":[],"bundled_items":[],"bundle_sell_ids":[],"acf":[],"_links":{"self":[{"href":"https:\/\/freimeisterkollektiv.de\/de\/wp-json\/wp\/v2\/product\/10378","targetHints":{"allow":["GET"]}}],"collection":[{"href":"https:\/\/freimeisterkollektiv.de\/de\/wp-json\/wp\/v2\/product"}],"about":[{"href":"https:\/\/freimeisterkollektiv.de\/de\/wp-json\/wp\/v2\/types\/product"}],"wp:featuredmedia":[{"embeddable":true,"href":"https:\/\/freimeisterkollektiv.de\/de\/wp-json\/wp\/v2\/media\/9683"}],"wp:attachment":[{"href":"https:\/\/freimeisterkollektiv.de\/de\/wp-json\/wp\/v2\/media?parent=10378"}],"wp:term":[{"taxonomy":"product_brand","embeddable":true,"href":"https:\/\/freimeisterkollektiv.de\/de\/wp-json\/wp\/v2\/product_brand?post=10378"},{"taxonomy":"product_cat","embeddable":true,"href":"https:\/\/freimeisterkollektiv.de\/de\/wp-json\/wp\/v2\/product_cat?post=10378"},{"taxonomy":"product_tag","embeddable":true,"href":"https:\/\/freimeisterkollektiv.de\/de\/wp-json\/wp\/v2\/product_tag?post=10378"}],"curies":[{"name":"wp","href":"https:\/\/api.w.org\/{rel}","templated":true}]}}