{"id":10240,"date":"2017-07-02T10:29:44","date_gmt":"2017-07-02T08:29:44","guid":{"rendered":"https:\/\/wpml.freimeisterkollektiv.de\/shop\/unkategorisiert\/amaro-212\/"},"modified":"2026-03-21T09:28:00","modified_gmt":"2026-03-21T08:28:00","slug":"amaro-212","status":"publish","type":"product","link":"https:\/\/freimeisterkollektiv.de\/de\/products\/amaro-212\/","title":{"rendered":"AMARO 212"},"content":{"rendered":"<p>Amaro ist eine Spirituosengattung, die nicht leicht einzugrenzen ist. W\u00f6rtlich bedeutet Amaro auf italienisch \u201ebitter\u201c und l\u00e4sst ein Naheverh\u00e4ltnis zur deutschen Kategorie \u201eKr\u00e4uterlik\u00f6r\u201c beziehungsweise \u201eKr\u00e4uterbitter\u201c vermuten. Trotzdem gleichen s\u00fcdeurop\u00e4ische Amari geschmacklich nicht den Kr\u00e4uterspirituosen n\u00f6rdlich der Alpen, denn die verwendeten Kr\u00e4uter \u2013 oder wie der Destillateur sagt: \u201eDrogen\u201c \u2013 sind andere.<\/p>\n<p>Um in dem un\u00fcbersichtlichen Angebot von Bitters ein wenig Ordnung zu schaffen, sollte man die Produkte zuerst einmal entsprechend ihrer Verwendung unterscheiden: Trinkt man den jeweiligen Amaro als Aperitif vor dem Essen oder nachher als Digestif.<\/p>\n","protected":false},"excerpt":{"rendered":"<p>Amaro ist eine Spirituosengattung, die nicht leicht einzugrenzen ist. W\u00f6rtlich bedeutet Amaro auf italienisch \u201ebitter\u201c und l\u00e4sst ein Naheverh\u00e4ltnis zur deutschen Kategorie \u201eKr\u00e4uterlik\u00f6r\u201c beziehungsweise \u201eKr\u00e4uterbitter\u201c vermuten. Trotzdem gleichen s\u00fcdeurop\u00e4ische Amari geschmacklich nicht den Kr\u00e4uterspirituosen n\u00f6rdlich der Alpen, denn die verwendeten Kr\u00e4uter \u2013 oder wie der Destillateur sagt: \u201eDrogen\u201c \u2013 sind andere. Um in dem un\u00fcbersichtlichen [&hellip;]<\/p>\n","protected":false},"featured_media":9577,"template":"","meta":{"_acf_changed":false},"product_brand":[],"product_cat":[355,235,225],"product_tag":[],"class_list":{"0":"post-10240","1":"product","2":"type-product","3":"status-publish","4":"has-post-thumbnail","6":"region-berlin-de","7":"region-mecklenburg-vorpommern-de","8":"product_cat-fmk-top-10","9":"product_cat-aperitif-de","10":"product_cat-kraeuter-bitter-de","12":"first","13":"instock","14":"taxable","15":"shipping-taxable","16":"purchasable","17":"product-type-variable","18":"has-default-attributes"},"bundled_by":["12717"],"bundle_stock_status":"instock","bundle_stock_quantity":null,"bundle_virtual":false,"bundle_layout":"","bundle_add_to_cart_form_location":"","bundle_editable_in_cart":false,"bundle_sold_individually_context":"","bundle_item_grouping":"","bundle_min_size":"","bundle_max_size":"","bundle_price":[],"bundled_items":[],"bundle_sell_ids":[],"acf":[],"_links":{"self":[{"href":"https:\/\/freimeisterkollektiv.de\/de\/wp-json\/wp\/v2\/product\/10240","targetHints":{"allow":["GET"]}}],"collection":[{"href":"https:\/\/freimeisterkollektiv.de\/de\/wp-json\/wp\/v2\/product"}],"about":[{"href":"https:\/\/freimeisterkollektiv.de\/de\/wp-json\/wp\/v2\/types\/product"}],"wp:featuredmedia":[{"embeddable":true,"href":"https:\/\/freimeisterkollektiv.de\/de\/wp-json\/wp\/v2\/media\/9577"}],"wp:attachment":[{"href":"https:\/\/freimeisterkollektiv.de\/de\/wp-json\/wp\/v2\/media?parent=10240"}],"wp:term":[{"taxonomy":"product_brand","embeddable":true,"href":"https:\/\/freimeisterkollektiv.de\/de\/wp-json\/wp\/v2\/product_brand?post=10240"},{"taxonomy":"product_cat","embeddable":true,"href":"https:\/\/freimeisterkollektiv.de\/de\/wp-json\/wp\/v2\/product_cat?post=10240"},{"taxonomy":"product_tag","embeddable":true,"href":"https:\/\/freimeisterkollektiv.de\/de\/wp-json\/wp\/v2\/product_tag?post=10240"}],"curies":[{"name":"wp","href":"https:\/\/api.w.org\/{rel}","templated":true}]}}